{"id":20,"date":"2024-02-02T17:42:34","date_gmt":"2024-02-02T16:42:34","guid":{"rendered":"https:\/\/www.doctisite.fr\/demo_dentiste_4\/?page_id=20"},"modified":"2024-09-05T17:47:21","modified_gmt":"2024-09-05T15:47:21","slug":"protection-des-donnees","status":"publish","type":"page","link":"https:\/\/www.doc2site.fr\/demo_dentiste_4\/protection-des-donnees\/","title":{"rendered":"Protection des donn\u00e9es"},"content":{"rendered":"\t\t<div data-elementor-type=\"wp-page\" data-elementor-id=\"20\" class=\"elementor elementor-20\">\n\t\t\t\t\t\t<section class=\"elementor-section elementor-top-section elementor-element elementor-element-3f1a0ae elementor-section-boxed elementor-section-height-default elementor-section-height-default\" data-id=\"3f1a0ae\" data-element_type=\"section\">\n\t\t\t\t\t\t<div class=\"elementor-container elementor-column-gap-default\">\n\t\t\t\t\t<div class=\"elementor-column elementor-col-100 elementor-top-column elementor-element elementor-element-326560a9\" data-id=\"326560a9\" data-element_type=\"column\">\n\t\t\t<div class=\"elementor-widget-wrap elementor-element-populated\">\n\t\t\t\t\t\t<div class=\"elementor-element elementor-element-3d7194fd elementor-widget elementor-widget-text-editor\" data-id=\"3d7194fd\" data-element_type=\"widget\" data-widget_type=\"text-editor.default\">\n\t\t\t\t<div class=\"elementor-widget-container\">\n\t\t\t<style>\/*! elementor - v3.19.0 - 28-02-2024 *\/\n.elementor-widget-text-editor.elementor-drop-cap-view-stacked .elementor-drop-cap{background-color:#69727d;color:#fff}.elementor-widget-text-editor.elementor-drop-cap-view-framed .elementor-drop-cap{color:#69727d;border:3px solid;background-color:transparent}.elementor-widget-text-editor:not(.elementor-drop-cap-view-default) .elementor-drop-cap{margin-top:8px}.elementor-widget-text-editor:not(.elementor-drop-cap-view-default) .elementor-drop-cap-letter{width:1em;height:1em}.elementor-widget-text-editor .elementor-drop-cap{float:left;text-align:center;line-height:1;font-size:50px}.elementor-widget-text-editor .elementor-drop-cap-letter{display:inline-block}<\/style>\t\t\t\t<h2>Conformit\u00e9 RGPD<\/h2>\r\n<b>Doc2site s&rsquo;engage \u00e0 ce que la collecte et le traitement de vos donn\u00e9es, effectu\u00e9s \u00e0 partir du site https:\/\/www.Doc2site.fr\/ soient conformes au r\u00e8glement g\u00e9n\u00e9ral sur la protection des donn\u00e9es (RGPD) et \u00e0 la loi Informatique et Libert\u00e9s.<\/b>\r\n\r\nChaque formulaire\u00a0ou t\u00e9l\u00e9service limite la collecte des donn\u00e9es personnelles au strict n\u00e9cessaire afin de respecter la minimisation des donn\u00e9es et indique :\r\n<ul>\r\n \t<li>quels sont les objectifs du recueil de ces donn\u00e9es ;<\/li>\r\n \t<li>si ces donn\u00e9es sont obligatoires ou facultatives pour la gestion de votre demande ;<\/li>\r\n \t<li>qui pourra en prendre connaissance: uniquement <b>Doc2site <\/b><\/li>\r\n<\/ul>\r\nLes donn\u00e9es personnelles recueillies dans le cadre des services propos\u00e9s sur https:\/\/www.<b>Doc2site<\/b>.fr\/ sont trait\u00e9es selon des protocoles s\u00e9curis\u00e9s et permettent \u00e0 <b>Doc2site <\/b>de g\u00e9rer les demandes re\u00e7ues dans ses applications informatiques (Emails, CRM).\r\n\r\nPour toute information ou exercice de vos droits Informatique et Libert\u00e9s sur les traitements de donn\u00e9es personnelles g\u00e9r\u00e9s par <b>Doc2site <\/b>, vous pouvez contacter son d\u00e9l\u00e9gu\u00e9 \u00e0 la protection des donn\u00e9es (DPO) :\r\n\r\npar courrier sign\u00e9 et accompagn\u00e9 de la copie d\u2019un titre d\u2019identit\u00e9 et d&rsquo;un email \u00e0 l&rsquo;adresse suivante : 23 Rue de verdun 11000 Carcassonne\r\n<h2>Dur\u00e9e de conservation des donn\u00e9es<\/h2>\r\n<table style=\"width: 100%;\" cellspacing=\"0\" cellpadding=\"10\">\r\n<tbody>\r\n<tr>\r\n<th style=\"width: 100%;\" colspan=\"2\">Dur\u00e9es d&rsquo;utilit\u00e9 administrative (DUA) applicables aux formulaires ou t\u00e9l\u00e9services g\u00e9r\u00e9es par <b>Doc2site <\/b><b>\u00a0<\/b>.\r\nLa DUA couvre la dur\u00e9e de conservation en base active et en archives internes.<\/th>\r\n<\/tr>\r\n<tr>\r\n<td style=\"width: 558px;\"><\/td>\r\n<td style=\"width: 499px;\"><\/td>\r\n<\/tr>\r\n<tr>\r\n<th style=\"width: 558px;\">Proc\u00e9dure<\/th>\r\n<th style=\"width: 499px;\">DUA des informations collect\u00e9es dans le cadre de la proc\u00e9dure<\/th>\r\n<\/tr>\r\n<tr>\r\n<td style=\"width: 558px;\">Lettre d &lsquo;information<\/td>\r\n<td style=\"width: 499px;\">3 mois apr\u00e8s la date de d\u00e9sinscription<\/td>\r\n<\/tr>\r\n<tr>\r\n<td style=\"width: 558px;\">Demande d&rsquo;information (formulaire de contact, demande de devis et rendez-vous)<\/td>\r\n<td style=\"width: 499px;\">1 an apr\u00e8s la cl\u00f4ture de la demande<\/td>\r\n<\/tr>\r\n<tr>\r\n<td style=\"width: 558px;\">Gestion des donn\u00e9es clients<\/td>\r\n<td style=\"width: 499px;\">\u00a05 ans apr\u00e8s la cl\u00f4ture du dossier client<\/td>\r\n<\/tr>\r\n<tr>\r\n<td style=\"width: 558px;\">Donn\u00e9es de ressources humaines<\/td>\r\n<td style=\"width: 499px;\">10 ans apr\u00e8s la cl\u00f4ture du dossier<\/td>\r\n<\/tr>\r\n<\/tbody>\r\n<\/table>\r\n<h2><a href=\"https:\/\/www.doc2site.fr\/demo_dentiste_2\/informations-relatives-aux-cookies\/\">A propos des cookies\u00a0<\/a><\/h2>\t\t\t\t\t\t<\/div>\n\t\t\t\t<\/div>\n\t\t\t\t\t<\/div>\n\t\t<\/div>\n\t\t\t\t\t<\/div>\n\t\t<\/section>\n\t\t\t\t<\/div>\n\t\t","protected":false},"excerpt":{"rendered":"<p>Conformit\u00e9 RGPD Doc2site s&rsquo;engage \u00e0 ce que la collecte et le traitement de vos donn\u00e9es, effectu\u00e9s \u00e0 partir du site https:\/\/www.Doc2site.fr\/ soient conformes au r\u00e8glement g\u00e9n\u00e9ral sur la protection des donn\u00e9es (RGPD) et \u00e0 la loi Informatique et Libert\u00e9s. Chaque formulaire\u00a0ou t\u00e9l\u00e9service limite la collecte des donn\u00e9es personnelles au strict n\u00e9cessaire afin de respecter la [&hellip;]<\/p>\n","protected":false},"author":1,"featured_media":0,"parent":0,"menu_order":0,"comment_status":"closed","ping_status":"closed","template":"","meta":{"footnotes":""},"class_list":["post-20","page","type-page","status-publish","hentry"],"_links":{"self":[{"href":"https:\/\/www.doc2site.fr\/demo_dentiste_4\/wp-json\/wp\/v2\/pages\/20","targetHints":{"allow":["GET"]}}],"collection":[{"href":"https:\/\/www.doc2site.fr\/demo_dentiste_4\/wp-json\/wp\/v2\/pages"}],"about":[{"href":"https:\/\/www.doc2site.fr\/demo_dentiste_4\/wp-json\/wp\/v2\/types\/page"}],"author":[{"embeddable":true,"href":"https:\/\/www.doc2site.fr\/demo_dentiste_4\/wp-json\/wp\/v2\/users\/1"}],"replies":[{"embeddable":true,"href":"https:\/\/www.doc2site.fr\/demo_dentiste_4\/wp-json\/wp\/v2\/comments?post=20"}],"version-history":[{"count":5,"href":"https:\/\/www.doc2site.fr\/demo_dentiste_4\/wp-json\/wp\/v2\/pages\/20\/revisions"}],"predecessor-version":[{"id":275,"href":"https:\/\/www.doc2site.fr\/demo_dentiste_4\/wp-json\/wp\/v2\/pages\/20\/revisions\/275"}],"wp:attachment":[{"href":"https:\/\/www.doc2site.fr\/demo_dentiste_4\/wp-json\/wp\/v2\/media?parent=20"}],"curies":[{"name":"wp","href":"https:\/\/api.w.org\/{rel}","templated":true}]}}