{"id":94,"date":"2023-12-08T11:29:17","date_gmt":"2023-12-08T10:29:17","guid":{"rendered":"https:\/\/www.doctisite.fr\/demo_dentiste_1\/?page_id=94"},"modified":"2024-09-05T17:39:51","modified_gmt":"2024-09-05T15:39:51","slug":"protection-des-donnees","status":"publish","type":"page","link":"https:\/\/www.doc2site.fr\/demo_dentiste_1\/protection-des-donnees\/","title":{"rendered":"Protection des donn\u00e9es"},"content":{"rendered":"\t\t<div data-elementor-type=\"wp-page\" data-elementor-id=\"94\" class=\"elementor elementor-94\">\n\t\t\t\t\t\t<section class=\"elementor-section elementor-top-section elementor-element elementor-element-36d90b88 elementor-section-boxed elementor-section-height-default elementor-section-height-default\" data-id=\"36d90b88\" data-element_type=\"section\">\n\t\t\t\t\t\t<div class=\"elementor-container elementor-column-gap-default\">\n\t\t\t\t\t<div class=\"elementor-column elementor-col-100 elementor-top-column elementor-element elementor-element-17636b0f\" data-id=\"17636b0f\" data-element_type=\"column\">\n\t\t\t<div class=\"elementor-widget-wrap elementor-element-populated\">\n\t\t\t\t\t\t<div class=\"elementor-element elementor-element-39ccbd55 elementor-widget elementor-widget-text-editor\" data-id=\"39ccbd55\" data-element_type=\"widget\" data-widget_type=\"text-editor.default\">\n\t\t\t\t<div class=\"elementor-widget-container\">\n\t\t\t<style>\/*! elementor - v3.19.0 - 28-02-2024 *\/\n.elementor-widget-text-editor.elementor-drop-cap-view-stacked .elementor-drop-cap{background-color:#69727d;color:#fff}.elementor-widget-text-editor.elementor-drop-cap-view-framed .elementor-drop-cap{color:#69727d;border:3px solid;background-color:transparent}.elementor-widget-text-editor:not(.elementor-drop-cap-view-default) .elementor-drop-cap{margin-top:8px}.elementor-widget-text-editor:not(.elementor-drop-cap-view-default) .elementor-drop-cap-letter{width:1em;height:1em}.elementor-widget-text-editor .elementor-drop-cap{float:left;text-align:center;line-height:1;font-size:50px}.elementor-widget-text-editor .elementor-drop-cap-letter{display:inline-block}<\/style>\t\t\t\t<h2>Conformit\u00e9 RGPD<\/h2><p><strong><b>Doc2site\u00a0 <\/b>s&rsquo;engage \u00e0 ce que la collecte et le traitement de vos donn\u00e9es, effectu\u00e9s \u00e0 partir du site https:\/\/www.Doc2site.fr\/, soient conformes au r\u00e8glement g\u00e9n\u00e9ral sur la protection des donn\u00e9es (RGPD) et \u00e0 la loi Informatique et Libert\u00e9s.<\/strong><\/p><p>Chaque formulaire\u00a0ou t\u00e9l\u00e9service limite la collecte des donn\u00e9es personnelles au strict n\u00e9cessaire afin de respecter la minimisation des donn\u00e9es et indique :<\/p><ul><li>quels sont les objectifs du recueil de ces donn\u00e9es ;<\/li><li>si ces donn\u00e9es sont obligatoires ou facultatives pour la gestion de votre demande ;<\/li><li>qui pourra en prendre connaissance: uniquement <b>Doc2site <\/b><\/li><\/ul><p>Les donn\u00e9es personnelles recueillies dans le cadre des services propos\u00e9s sur https:\/\/www.Doc2site.fr\/ sont trait\u00e9es selon des protocoles s\u00e9curis\u00e9s et permettent \u00e0 Doc2site de g\u00e9rer les demandes re\u00e7ues dans ses applications informatiques (Emails, CRM).<\/p><p>Pour toute information ou exercice de vos droits Informatique et Libert\u00e9s sur les traitements de donn\u00e9es personnelles g\u00e9r\u00e9s par <b>Doc2site <\/b>, vous pouvez contacter son d\u00e9l\u00e9gu\u00e9 \u00e0 la protection des donn\u00e9es (DPO) :<\/p><ul><li><a href=\"\/formulaire-dacces-aux-informations\/\">par ce formulaire<\/a><\/li><li>ou par courrier sign\u00e9 et accompagn\u00e9 de la copie d\u2019un titre d\u2019identit\u00e9 et d&rsquo;un email \u00e0 l&rsquo;adresse suivante : R\u00e9sonance communication, 23 Run de Verdun, 11000 Carcassonne<\/li><\/ul><h2>Dur\u00e9e de conservation des donn\u00e9es<\/h2><table style=\"width: 1057px;\" cellspacing=\"0\" cellpadding=\"10\"><tbody><tr><th style=\"width: 1057px;\" colspan=\"2\">Dur\u00e9es d&rsquo;utilit\u00e9 administrative (DUA) applicables aux formulaires ou t\u00e9l\u00e9services g\u00e9r\u00e9es par <b>Doc2site <\/b>.<br \/>La DUA couvre la dur\u00e9e de conservation en base active et en archives internes.<\/th><\/tr><tr><td style=\"width: 558px;\">\u00a0<\/td><td style=\"width: 499px;\">\u00a0<\/td><\/tr><tr><th style=\"width: 558px;\">Proc\u00e9dure<\/th><th style=\"width: 499px;\">DUA des informations collect\u00e9es dans le cadre de la proc\u00e9dure<\/th><\/tr><tr><td style=\"width: 558px;\">Lettre d &lsquo;information<\/td><td style=\"width: 499px;\">3 mois apr\u00e8s la date de d\u00e9sinscription<\/td><\/tr><tr><td style=\"width: 558px;\">Demande d&rsquo;information (formulaire de contact, demande de devis et rendez-vous)<\/td><td style=\"width: 499px;\">3 ans apr\u00e8s la cl\u00f4ture de la demande<\/td><\/tr><tr><td style=\"width: 558px;\">Gestion des donn\u00e9es clients<\/td><td style=\"width: 499px;\">\u00a05 ans apr\u00e8s la cl\u00f4ture du dossier client<\/td><\/tr><tr><td style=\"width: 558px;\">Donn\u00e9es de ressources humaines<\/td><td style=\"width: 499px;\">10 ans apr\u00e8s la cl\u00f4ture du dossier<\/td><\/tr><\/tbody><\/table><h2><a href=\"\/informations-relatives-aux-cookies\/\">A propos des cookies\u00a0<\/a><\/h2>\t\t\t\t\t\t<\/div>\n\t\t\t\t<\/div>\n\t\t\t\t\t<\/div>\n\t\t<\/div>\n\t\t\t\t\t<\/div>\n\t\t<\/section>\n\t\t\t\t<\/div>\n\t\t","protected":false},"excerpt":{"rendered":"<p>Conformit\u00e9 RGPD Doc2site\u00a0 s&rsquo;engage \u00e0 ce que la collecte et le traitement de vos donn\u00e9es, effectu\u00e9s \u00e0 partir du site https:\/\/www.Doc2site.fr\/, soient conformes au r\u00e8glement g\u00e9n\u00e9ral sur la protection des donn\u00e9es (RGPD) et \u00e0 la loi Informatique et Libert\u00e9s. Chaque formulaire\u00a0ou t\u00e9l\u00e9service limite la collecte des donn\u00e9es personnelles au strict n\u00e9cessaire afin de respecter la [&hellip;]<\/p>\n","protected":false},"author":1,"featured_media":0,"parent":0,"menu_order":0,"comment_status":"closed","ping_status":"closed","template":"","meta":{"footnotes":""},"class_list":["post-94","page","type-page","status-publish","hentry"],"yoast_head":"<!-- This site is optimized with the Yoast SEO plugin v22.1 - https:\/\/yoast.com\/wordpress\/plugins\/seo\/ -->\n<title>Protection des donn\u00e9es - D\u00e9mo dentiste 1<\/title>\n<meta name=\"robots\" content=\"index, follow, max-snippet:-1, max-image-preview:large, max-video-preview:-1\" \/>\n<link rel=\"canonical\" href=\"https:\/\/www.doc2site.fr\/demo_dentiste_1\/protection-des-donnees\/\" \/>\n<meta property=\"og:locale\" content=\"fr_FR\" \/>\n<meta property=\"og:type\" content=\"article\" \/>\n<meta property=\"og:title\" content=\"Protection des donn\u00e9es - D\u00e9mo dentiste 1\" \/>\n<meta property=\"og:description\" content=\"Conformit\u00e9 RGPD Doc2site\u00a0 s&rsquo;engage \u00e0 ce que la collecte et le traitement de vos donn\u00e9es, effectu\u00e9s \u00e0 partir du site https:\/\/www.Doc2site.fr\/, soient conformes au r\u00e8glement g\u00e9n\u00e9ral sur la protection des donn\u00e9es (RGPD) et \u00e0 la loi Informatique et Libert\u00e9s. Chaque formulaire\u00a0ou t\u00e9l\u00e9service limite la collecte des donn\u00e9es personnelles au strict n\u00e9cessaire afin de respecter la [&hellip;]\" \/>\n<meta property=\"og:url\" content=\"https:\/\/www.doc2site.fr\/demo_dentiste_1\/protection-des-donnees\/\" \/>\n<meta property=\"og:site_name\" content=\"D\u00e9mo dentiste 1\" \/>\n<meta property=\"article:modified_time\" content=\"2024-09-05T15:39:51+00:00\" \/>\n<meta name=\"twitter:card\" content=\"summary_large_image\" \/>\n<meta name=\"twitter:label1\" content=\"Dur\u00e9e de lecture estim\u00e9e\" \/>\n\t<meta name=\"twitter:data1\" content=\"2 minutes\" \/>\n<script type=\"application\/ld+json\" class=\"yoast-schema-graph\">{\"@context\":\"https:\/\/schema.org\",\"@graph\":[{\"@type\":\"WebPage\",\"@id\":\"https:\/\/www.doc2site.fr\/demo_dentiste_1\/protection-des-donnees\/\",\"url\":\"https:\/\/www.doc2site.fr\/demo_dentiste_1\/protection-des-donnees\/\",\"name\":\"Protection des donn\u00e9es - D\u00e9mo dentiste 1\",\"isPartOf\":{\"@id\":\"https:\/\/www.doc2site.fr\/demo_dentiste_1\/#website\"},\"datePublished\":\"2023-12-08T10:29:17+00:00\",\"dateModified\":\"2024-09-05T15:39:51+00:00\",\"breadcrumb\":{\"@id\":\"https:\/\/www.doc2site.fr\/demo_dentiste_1\/protection-des-donnees\/#breadcrumb\"},\"inLanguage\":\"fr-FR\",\"potentialAction\":[{\"@type\":\"ReadAction\",\"target\":[\"https:\/\/www.doc2site.fr\/demo_dentiste_1\/protection-des-donnees\/\"]}]},{\"@type\":\"BreadcrumbList\",\"@id\":\"https:\/\/www.doc2site.fr\/demo_dentiste_1\/protection-des-donnees\/#breadcrumb\",\"itemListElement\":[{\"@type\":\"ListItem\",\"position\":1,\"name\":\"Accueil\",\"item\":\"https:\/\/www.doc2site.fr\/demo_dentiste_1\/\"},{\"@type\":\"ListItem\",\"position\":2,\"name\":\"Protection des donn\u00e9es\"}]},{\"@type\":\"WebSite\",\"@id\":\"https:\/\/www.doc2site.fr\/demo_dentiste_1\/#website\",\"url\":\"https:\/\/www.doc2site.fr\/demo_dentiste_1\/\",\"name\":\"D\u00e9mo dentiste 1\",\"description\":\"\",\"publisher\":{\"@id\":\"https:\/\/www.doc2site.fr\/demo_dentiste_1\/#organization\"},\"potentialAction\":[{\"@type\":\"SearchAction\",\"target\":{\"@type\":\"EntryPoint\",\"urlTemplate\":\"https:\/\/www.doc2site.fr\/demo_dentiste_1\/?s={search_term_string}\"},\"query-input\":\"required name=search_term_string\"}],\"inLanguage\":\"fr-FR\"},{\"@type\":\"Organization\",\"@id\":\"https:\/\/www.doc2site.fr\/demo_dentiste_1\/#organization\",\"name\":\"D\u00e9mo dentiste 1\",\"url\":\"https:\/\/www.doc2site.fr\/demo_dentiste_1\/\",\"logo\":{\"@type\":\"ImageObject\",\"inLanguage\":\"fr-FR\",\"@id\":\"https:\/\/www.doc2site.fr\/demo_dentiste_1\/#\/schema\/logo\/image\/\",\"url\":\"https:\/\/www.doc2site.fr\/demo_dentiste_1\/wp-content\/uploads\/2023\/12\/logo-site.svg\",\"contentUrl\":\"https:\/\/www.doc2site.fr\/demo_dentiste_1\/wp-content\/uploads\/2023\/12\/logo-site.svg\",\"width\":269,\"height\":42,\"caption\":\"D\u00e9mo dentiste 1\"},\"image\":{\"@id\":\"https:\/\/www.doc2site.fr\/demo_dentiste_1\/#\/schema\/logo\/image\/\"}}]}<\/script>\n<!-- \/ Yoast SEO plugin. -->","yoast_head_json":{"title":"Protection des donn\u00e9es - D\u00e9mo dentiste 1","robots":{"index":"index","follow":"follow","max-snippet":"max-snippet:-1","max-image-preview":"max-image-preview:large","max-video-preview":"max-video-preview:-1"},"canonical":"https:\/\/www.doc2site.fr\/demo_dentiste_1\/protection-des-donnees\/","og_locale":"fr_FR","og_type":"article","og_title":"Protection des donn\u00e9es - D\u00e9mo dentiste 1","og_description":"Conformit\u00e9 RGPD Doc2site\u00a0 s&rsquo;engage \u00e0 ce que la collecte et le traitement de vos donn\u00e9es, effectu\u00e9s \u00e0 partir du site https:\/\/www.Doc2site.fr\/, soient conformes au r\u00e8glement g\u00e9n\u00e9ral sur la protection des donn\u00e9es (RGPD) et \u00e0 la loi Informatique et Libert\u00e9s. Chaque formulaire\u00a0ou t\u00e9l\u00e9service limite la collecte des donn\u00e9es personnelles au strict n\u00e9cessaire afin de respecter la [&hellip;]","og_url":"https:\/\/www.doc2site.fr\/demo_dentiste_1\/protection-des-donnees\/","og_site_name":"D\u00e9mo dentiste 1","article_modified_time":"2024-09-05T15:39:51+00:00","twitter_card":"summary_large_image","twitter_misc":{"Dur\u00e9e de lecture estim\u00e9e":"2 minutes"},"schema":{"@context":"https:\/\/schema.org","@graph":[{"@type":"WebPage","@id":"https:\/\/www.doc2site.fr\/demo_dentiste_1\/protection-des-donnees\/","url":"https:\/\/www.doc2site.fr\/demo_dentiste_1\/protection-des-donnees\/","name":"Protection des donn\u00e9es - D\u00e9mo dentiste 1","isPartOf":{"@id":"https:\/\/www.doc2site.fr\/demo_dentiste_1\/#website"},"datePublished":"2023-12-08T10:29:17+00:00","dateModified":"2024-09-05T15:39:51+00:00","breadcrumb":{"@id":"https:\/\/www.doc2site.fr\/demo_dentiste_1\/protection-des-donnees\/#breadcrumb"},"inLanguage":"fr-FR","potentialAction":[{"@type":"ReadAction","target":["https:\/\/www.doc2site.fr\/demo_dentiste_1\/protection-des-donnees\/"]}]},{"@type":"BreadcrumbList","@id":"https:\/\/www.doc2site.fr\/demo_dentiste_1\/protection-des-donnees\/#breadcrumb","itemListElement":[{"@type":"ListItem","position":1,"name":"Accueil","item":"https:\/\/www.doc2site.fr\/demo_dentiste_1\/"},{"@type":"ListItem","position":2,"name":"Protection des donn\u00e9es"}]},{"@type":"WebSite","@id":"https:\/\/www.doc2site.fr\/demo_dentiste_1\/#website","url":"https:\/\/www.doc2site.fr\/demo_dentiste_1\/","name":"D\u00e9mo dentiste 1","description":"","publisher":{"@id":"https:\/\/www.doc2site.fr\/demo_dentiste_1\/#organization"},"potentialAction":[{"@type":"SearchAction","target":{"@type":"EntryPoint","urlTemplate":"https:\/\/www.doc2site.fr\/demo_dentiste_1\/?s={search_term_string}"},"query-input":"required name=search_term_string"}],"inLanguage":"fr-FR"},{"@type":"Organization","@id":"https:\/\/www.doc2site.fr\/demo_dentiste_1\/#organization","name":"D\u00e9mo dentiste 1","url":"https:\/\/www.doc2site.fr\/demo_dentiste_1\/","logo":{"@type":"ImageObject","inLanguage":"fr-FR","@id":"https:\/\/www.doc2site.fr\/demo_dentiste_1\/#\/schema\/logo\/image\/","url":"https:\/\/www.doc2site.fr\/demo_dentiste_1\/wp-content\/uploads\/2023\/12\/logo-site.svg","contentUrl":"https:\/\/www.doc2site.fr\/demo_dentiste_1\/wp-content\/uploads\/2023\/12\/logo-site.svg","width":269,"height":42,"caption":"D\u00e9mo dentiste 1"},"image":{"@id":"https:\/\/www.doc2site.fr\/demo_dentiste_1\/#\/schema\/logo\/image\/"}}]}},"_links":{"self":[{"href":"https:\/\/www.doc2site.fr\/demo_dentiste_1\/wp-json\/wp\/v2\/pages\/94","targetHints":{"allow":["GET"]}}],"collection":[{"href":"https:\/\/www.doc2site.fr\/demo_dentiste_1\/wp-json\/wp\/v2\/pages"}],"about":[{"href":"https:\/\/www.doc2site.fr\/demo_dentiste_1\/wp-json\/wp\/v2\/types\/page"}],"author":[{"embeddable":true,"href":"https:\/\/www.doc2site.fr\/demo_dentiste_1\/wp-json\/wp\/v2\/users\/1"}],"replies":[{"embeddable":true,"href":"https:\/\/www.doc2site.fr\/demo_dentiste_1\/wp-json\/wp\/v2\/comments?post=94"}],"version-history":[{"count":8,"href":"https:\/\/www.doc2site.fr\/demo_dentiste_1\/wp-json\/wp\/v2\/pages\/94\/revisions"}],"predecessor-version":[{"id":734,"href":"https:\/\/www.doc2site.fr\/demo_dentiste_1\/wp-json\/wp\/v2\/pages\/94\/revisions\/734"}],"wp:attachment":[{"href":"https:\/\/www.doc2site.fr\/demo_dentiste_1\/wp-json\/wp\/v2\/media?parent=94"}],"curies":[{"name":"wp","href":"https:\/\/api.w.org\/{rel}","templated":true}]}}