{"id":17,"date":"2023-12-08T09:39:10","date_gmt":"2023-12-08T08:39:10","guid":{"rendered":"https:\/\/www.doctisite.fr\/demo_dentiste_1\/?page_id=17"},"modified":"2024-03-21T13:46:53","modified_gmt":"2024-03-21T12:46:53","slug":"contact","status":"publish","type":"page","link":"https:\/\/www.doc2site.fr\/demo_dentiste_1\/contact\/","title":{"rendered":"Contact"},"content":{"rendered":"\t\t<div data-elementor-type=\"wp-page\" data-elementor-id=\"17\" class=\"elementor elementor-17\">\n\t\t\t\t\t\t<section class=\"elementor-section elementor-top-section elementor-element elementor-element-36ea38f elementor-section-full_width elementor-section-stretched elementor-section-content-middle elementor-section-height-default elementor-section-height-default\" data-id=\"36ea38f\" data-element_type=\"section\" data-settings=\"{&quot;stretch_section&quot;:&quot;section-stretched&quot;,&quot;background_background&quot;:&quot;classic&quot;}\">\n\t\t\t\t\t\t\t<div class=\"elementor-background-overlay\"><\/div>\n\t\t\t\t\t\t\t<div class=\"elementor-container elementor-column-gap-default\">\n\t\t\t\t\t<div class=\"elementor-column elementor-col-100 elementor-top-column elementor-element elementor-element-3a680a2\" data-id=\"3a680a2\" data-element_type=\"column\">\n\t\t\t<div class=\"elementor-widget-wrap\">\n\t\t\t\t\t\t\t<\/div>\n\t\t<\/div>\n\t\t\t\t\t<\/div>\n\t\t<\/section>\n\t\t\t\t<section class=\"elementor-section elementor-top-section elementor-element elementor-element-d50dff5 elementor-section-boxed elementor-section-height-default elementor-section-height-default\" data-id=\"d50dff5\" data-element_type=\"section\">\n\t\t\t\t\t\t<div class=\"elementor-container elementor-column-gap-default\">\n\t\t\t\t\t<div class=\"elementor-column elementor-col-100 elementor-top-column elementor-element elementor-element-b503bc4 glassmorphism\" data-id=\"b503bc4\" data-element_type=\"column\">\n\t\t\t<div class=\"elementor-widget-wrap elementor-element-populated\">\n\t\t\t\t\t\t<div class=\"elementor-element elementor-element-56f8c86 elementor-invisible elementor-widget elementor-widget-heading\" data-id=\"56f8c86\" data-element_type=\"widget\" data-settings=\"{&quot;_animation&quot;:&quot;fadeIn&quot;}\" data-widget_type=\"heading.default\">\n\t\t\t\t<div class=\"elementor-widget-container\">\n\t\t\t<style>\/*! elementor - v3.19.0 - 28-02-2024 *\/\n.elementor-heading-title{padding:0;margin:0;line-height:1}.elementor-widget-heading .elementor-heading-title[class*=elementor-size-]>a{color:inherit;font-size:inherit;line-height:inherit}.elementor-widget-heading .elementor-heading-title.elementor-size-small{font-size:15px}.elementor-widget-heading .elementor-heading-title.elementor-size-medium{font-size:19px}.elementor-widget-heading .elementor-heading-title.elementor-size-large{font-size:29px}.elementor-widget-heading .elementor-heading-title.elementor-size-xl{font-size:39px}.elementor-widget-heading .elementor-heading-title.elementor-size-xxl{font-size:59px}<\/style><h1 class=\"elementor-heading-title elementor-size-default\">Contact<\/h1>\t\t<\/div>\n\t\t\t\t<\/div>\n\t\t\t\t<section class=\"elementor-section elementor-inner-section elementor-element elementor-element-a6c7152 elementor-section-boxed elementor-section-height-default elementor-section-height-default\" data-id=\"a6c7152\" data-element_type=\"section\">\n\t\t\t\t\t\t<div class=\"elementor-container elementor-column-gap-default\">\n\t\t\t\t\t<div class=\"elementor-column elementor-col-50 elementor-inner-column elementor-element elementor-element-45d29a8\" data-id=\"45d29a8\" data-element_type=\"column\">\n\t\t\t<div class=\"elementor-widget-wrap elementor-element-populated\">\n\t\t\t\t\t\t<div class=\"elementor-element elementor-element-1a87fe3 h3bis elementor-view-default elementor-position-top elementor-mobile-position-top elementor-invisible elementor-widget elementor-widget-icon-box\" data-id=\"1a87fe3\" data-element_type=\"widget\" data-settings=\"{&quot;_animation&quot;:&quot;fadeInLeft&quot;}\" data-widget_type=\"icon-box.default\">\n\t\t\t\t<div class=\"elementor-widget-container\">\n\t\t\t<link rel=\"stylesheet\" href=\"https:\/\/www.doc2site.fr\/demo_dentiste_1\/wp-content\/plugins\/elementor\/assets\/css\/widget-icon-box.min.css\">\t\t<div class=\"elementor-icon-box-wrapper\">\n\t\t\t\t\t\t<div class=\"elementor-icon-box-icon\">\n\t\t\t\t<span  class=\"elementor-icon elementor-animation-\">\n\t\t\t\t<svg xmlns=\"http:\/\/www.w3.org\/2000\/svg\" width=\"61.208\" height=\"78.094\" viewBox=\"0 0 61.208 78.094\"><g id=\"Pin\" transform=\"translate(-5.811 -3.001)\"><path id=\"Trac&#xE9;_458\" data-name=\"Trac&#xE9; 458\" d=\"M63.588,19.469a30.037,30.037,0,0,0-23.764-16.3,34.136,34.136,0,0,0-6.816,0,30.045,30.045,0,0,0-23.766,16.3,32.458,32.458,0,0,0,4.448,35.725L34.1,80a3,3,0,0,0,4.641,0l20.4-24.807a32.456,32.456,0,0,0,4.448-35.723ZM36.415,45.05A12.015,12.015,0,1,1,48.43,33.035,12.015,12.015,0,0,1,36.415,45.05Z\" transform=\"translate(0 0)\"><\/path><\/g><\/svg>\t\t\t\t<\/span>\n\t\t\t<\/div>\n\t\t\t\t\t\t<div class=\"elementor-icon-box-content\">\n\t\t\t\t<h3 class=\"elementor-icon-box-title\">\n\t\t\t\t\t<span  >\n\t\t\t\t\t\tLocalisation\t\t\t\t\t<\/span>\n\t\t\t\t<\/h3>\n\t\t\t\t\t\t\t\t\t<p class=\"elementor-icon-box-description\">\n\t\t\t\t\t\t1 rue de Metz - Immeuble BERTRAND<br \/>\n1er \u00e9tage premi\u00e8re porte \u00e0 droite<br \/>\n31000 Toulouse\t\t\t\t\t<\/p>\n\t\t\t\t\t\t\t<\/div>\n\t\t<\/div>\n\t\t\t\t<\/div>\n\t\t\t\t<\/div>\n\t\t\t\t<div class=\"elementor-element elementor-element-01552ab h3bis elementor-view-default elementor-position-top elementor-mobile-position-top elementor-invisible elementor-widget elementor-widget-icon-box\" data-id=\"01552ab\" data-element_type=\"widget\" data-settings=\"{&quot;_animation&quot;:&quot;fadeInLeft&quot;}\" data-widget_type=\"icon-box.default\">\n\t\t\t\t<div class=\"elementor-widget-container\">\n\t\t\t\t\t<div class=\"elementor-icon-box-wrapper\">\n\t\t\t\t\t\t<div class=\"elementor-icon-box-icon\">\n\t\t\t\t<span  class=\"elementor-icon elementor-animation-\">\n\t\t\t\t<svg xmlns=\"http:\/\/www.w3.org\/2000\/svg\" id=\"telephone-call\" width=\"59.453\" height=\"59.453\" viewBox=\"0 0 59.453 59.453\"><path id=\"Trac&#xE9;_208\" data-name=\"Trac&#xE9; 208\" d=\"M60.164,47.354c-1.856-1.556-12.74-8.449-14.549-8.132-.849.151-1.5.875-3.238,2.949a24.815,24.815,0,0,1-2.641,2.86,22.84,22.84,0,0,1-5.041-1.869,31.213,31.213,0,0,1-14.4-14.409,22.84,22.84,0,0,1-1.869-5.041,24.815,24.815,0,0,1,2.86-2.641c2.072-1.739,2.8-2.384,2.949-3.238C24.548,16.02,17.649,5.14,16.1,3.285,15.449,2.516,14.859,2,14.1,2,11.912,2,2,14.256,2,15.844c0,.13.212,12.889,16.326,29.283C34.72,61.241,47.48,61.453,47.609,61.453c1.588,0,13.844-9.912,13.844-12.1,0-.756-.516-1.346-1.289-2Z\" transform=\"translate(-2 -2)\"><\/path><path id=\"Trac&#xE9;_209\" data-name=\"Trac&#xE9; 209\" d=\"M29.74,23.987h4.247A17.006,17.006,0,0,0,17,7v4.247A12.753,12.753,0,0,1,29.74,23.987Z\" transform=\"translate(14.85 3.617)\"><\/path><path id=\"Trac&#xE9;_210\" data-name=\"Trac&#xE9; 210\" d=\"M40.357,29.6H44.6A27.635,27.635,0,0,0,17,2V6.247A23.384,23.384,0,0,1,40.357,29.6Z\" transform=\"translate(14.85 -2)\"><\/path><\/svg>\t\t\t\t<\/span>\n\t\t\t<\/div>\n\t\t\t\t\t\t<div class=\"elementor-icon-box-content\">\n\t\t\t\t<h3 class=\"elementor-icon-box-title\">\n\t\t\t\t\t<span  >\n\t\t\t\t\t\tT\u00e9l\u00e9phone\t\t\t\t\t<\/span>\n\t\t\t\t<\/h3>\n\t\t\t\t\t\t\t\t\t<p class=\"elementor-icon-box-description\">\n\t\t\t\t\t\t00 00 00 00 00\t\t\t\t\t<\/p>\n\t\t\t\t\t\t\t<\/div>\n\t\t<\/div>\n\t\t\t\t<\/div>\n\t\t\t\t<\/div>\n\t\t\t\t\t<\/div>\n\t\t<\/div>\n\t\t\t\t<div class=\"elementor-column elementor-col-50 elementor-inner-column elementor-element elementor-element-9ae3476 colonne-horaires-contact elementor-invisible\" data-id=\"9ae3476\" data-element_type=\"column\" data-settings=\"{&quot;animation&quot;:&quot;fadeInRight&quot;}\">\n\t\t\t<div class=\"elementor-widget-wrap elementor-element-populated\">\n\t\t\t\t\t\t<div class=\"elementor-element elementor-element-da0b55f h3bis elementor-view-default elementor-position-top elementor-mobile-position-top elementor-widget elementor-widget-icon-box\" data-id=\"da0b55f\" data-element_type=\"widget\" data-widget_type=\"icon-box.default\">\n\t\t\t\t<div class=\"elementor-widget-container\">\n\t\t\t\t\t<div class=\"elementor-icon-box-wrapper\">\n\t\t\t\t\t\t<div class=\"elementor-icon-box-icon\">\n\t\t\t\t<span  class=\"elementor-icon elementor-animation-\">\n\t\t\t\t<svg xmlns=\"http:\/\/www.w3.org\/2000\/svg\" id=\"clock\" width=\"78.259\" height=\"78.259\" viewBox=\"0 0 78.259 78.259\"><g id=\"Groupe_62\" data-name=\"Groupe 62\" transform=\"translate(0 0)\"><path id=\"Trac&#xE9;_457\" data-name=\"Trac&#xE9; 457\" d=\"M63.338,0H14.921A14.918,14.918,0,0,0,0,14.921V63.338A14.918,14.918,0,0,0,14.921,78.259H63.338A14.918,14.918,0,0,0,78.259,63.338V14.921A14.918,14.918,0,0,0,63.338,0Zm-51.6,41.738H7.826a2.609,2.609,0,1,1,0-5.217h3.913a2.609,2.609,0,0,1,0,5.217ZM36.521,7.826a2.609,2.609,0,0,1,5.217,0v3.913a2.609,2.609,0,1,1-5.217,0Zm5.217,62.607a2.609,2.609,0,0,1-5.217,0V66.52a2.609,2.609,0,1,1,5.217,0ZM58.029,22.6,41.868,40.786l1.709,1.709A2.605,2.605,0,1,1,39.9,46.186l-1.5-1.5-1.226,1.383a2.614,2.614,0,0,1-1.956.887,2.661,2.661,0,0,1-1.735-.652,2.6,2.6,0,0,1-.222-3.678l1.435-1.617-9.156-9.156a2.61,2.61,0,1,1,3.691-3.691L38.164,37.1,54.129,19.135a2.61,2.61,0,1,1,3.9,3.469Zm12.4,19.134H66.52a2.609,2.609,0,0,1,0-5.217h3.913a2.609,2.609,0,0,1,0,5.217Z\" transform=\"translate(0 0)\"><\/path><\/g><\/svg>\t\t\t\t<\/span>\n\t\t\t<\/div>\n\t\t\t\t\t\t<div class=\"elementor-icon-box-content\">\n\t\t\t\t<h3 class=\"elementor-icon-box-title\">\n\t\t\t\t\t<span  >\n\t\t\t\t\t\tHoraires d'ouverture\t\t\t\t\t<\/span>\n\t\t\t\t<\/h3>\n\t\t\t\t\t\t\t<\/div>\n\t\t<\/div>\n\t\t\t\t<\/div>\n\t\t\t\t<\/div>\n\t\t\t\t<div class=\"elementor-element elementor-element-d517112 elementor-widget__width-initial elementor-widget-tablet__width-initial elementor-widget-mobile__width-initial elementor-widget elementor-widget-text-editor\" data-id=\"d517112\" data-element_type=\"widget\" data-widget_type=\"text-editor.default\">\n\t\t\t\t<div class=\"elementor-widget-container\">\n\t\t\t<style>\/*! elementor - v3.19.0 - 28-02-2024 *\/\n.elementor-widget-text-editor.elementor-drop-cap-view-stacked .elementor-drop-cap{background-color:#69727d;color:#fff}.elementor-widget-text-editor.elementor-drop-cap-view-framed .elementor-drop-cap{color:#69727d;border:3px solid;background-color:transparent}.elementor-widget-text-editor:not(.elementor-drop-cap-view-default) .elementor-drop-cap{margin-top:8px}.elementor-widget-text-editor:not(.elementor-drop-cap-view-default) .elementor-drop-cap-letter{width:1em;height:1em}.elementor-widget-text-editor .elementor-drop-cap{float:left;text-align:center;line-height:1;font-size:50px}.elementor-widget-text-editor .elementor-drop-cap-letter{display:inline-block}<\/style>\t\t\t\t<table style=\"height: 184px;\" width=\"207\">\n<tbody>\n<tr>\n<td>Lundi<\/td>\n<td>9h-12h \/ 14h-19h<\/td>\n<\/tr>\n<tr>\n<td>Mardi<\/td>\n<td>9h-12h \/ 14h-19h<\/td>\n<\/tr>\n<tr>\n<td>Mercredi<\/td>\n<td>9h-12h \/ 14h-19h<\/td>\n<\/tr>\n<tr>\n<td>Jeudi<\/td>\n<td>9h-12h \/ 14h-19h<\/td>\n<\/tr>\n<tr>\n<td>Vendredi<\/td>\n<td>9h-12h \/ 14h-19h<\/td>\n<\/tr>\n<tr>\n<td>Samedi<\/td>\n<td>9h-12h \/ 14h-19h<\/td>\n<\/tr>\n<\/tbody>\n<\/table>\t\t\t\t\t\t<\/div>\n\t\t\t\t<\/div>\n\t\t\t\t\t<\/div>\n\t\t<\/div>\n\t\t\t\t\t<\/div>\n\t\t<\/section>\n\t\t\t\t\t<\/div>\n\t\t<\/div>\n\t\t\t\t\t<\/div>\n\t\t<\/section>\n\t\t\t\t<section class=\"elementor-section elementor-top-section elementor-element elementor-element-c94a85e elementor-section-full_width elementor-section-stretched elementor-section-height-default elementor-section-height-default\" data-id=\"c94a85e\" data-element_type=\"section\" data-settings=\"{&quot;stretch_section&quot;:&quot;section-stretched&quot;}\">\n\t\t\t\t\t\t<div class=\"elementor-container elementor-column-gap-default\">\n\t\t\t\t\t<div class=\"elementor-column elementor-col-100 elementor-top-column elementor-element elementor-element-9790723\" data-id=\"9790723\" data-element_type=\"column\">\n\t\t\t<div class=\"elementor-widget-wrap elementor-element-populated\">\n\t\t\t\t\t\t<div class=\"elementor-element elementor-element-baf8735 elementor-widget elementor-widget-google_maps\" data-id=\"baf8735\" data-element_type=\"widget\" data-widget_type=\"google_maps.default\">\n\t\t\t\t<div class=\"elementor-widget-container\">\n\t\t\t<style>\/*! elementor - v3.19.0 - 28-02-2024 *\/\n.elementor-widget-google_maps .elementor-widget-container{overflow:hidden}.elementor-widget-google_maps .elementor-custom-embed{line-height:0}.elementor-widget-google_maps iframe{height:300px}<\/style>\t\t<div class=\"elementor-custom-embed\">\n\t\t\t<iframe loading=\"lazy\"\n\t\t\t\t\tsrc=\"https:\/\/maps.google.com\/maps?q=23%20rue%20de%20verdun%2011000%20Carcassonne&#038;t=m&#038;z=10&#038;output=embed&#038;iwloc=near\"\n\t\t\t\t\ttitle=\"23 rue de verdun 11000 Carcassonne\"\n\t\t\t\t\taria-label=\"23 rue de verdun 11000 Carcassonne\"\n\t\t\t><\/iframe>\n\t\t<\/div>\n\t\t\t\t<\/div>\n\t\t\t\t<\/div>\n\t\t\t\t\t<\/div>\n\t\t<\/div>\n\t\t\t\t\t<\/div>\n\t\t<\/section>\n\t\t\t\t<\/div>\n\t\t","protected":false},"excerpt":{"rendered":"<p>Contact Localisation 1 rue de Metz &#8211; Immeuble BERTRAND 1er \u00e9tage premi\u00e8re porte \u00e0 droite 31000 Toulouse T\u00e9l\u00e9phone 00 00 00 00 00 Horaires d&rsquo;ouverture Lundi 9h-12h \/ 14h-19h Mardi 9h-12h \/ 14h-19h Mercredi 9h-12h \/ 14h-19h Jeudi 9h-12h \/ 14h-19h Vendredi 9h-12h \/ 14h-19h Samedi 9h-12h \/ 14h-19h<\/p>\n","protected":false},"author":1,"featured_media":0,"parent":0,"menu_order":0,"comment_status":"closed","ping_status":"closed","template":"","meta":{"footnotes":""},"class_list":["post-17","page","type-page","status-publish","hentry"],"yoast_head":"<!-- This site is optimized with the Yoast SEO plugin v22.1 - https:\/\/yoast.com\/wordpress\/plugins\/seo\/ -->\n<title>Contact - D\u00e9mo dentiste 1<\/title>\n<meta name=\"robots\" content=\"index, follow, max-snippet:-1, max-image-preview:large, max-video-preview:-1\" \/>\n<link rel=\"canonical\" href=\"https:\/\/www.doc2site.fr\/demo_dentiste_1\/contact\/\" \/>\n<meta property=\"og:locale\" content=\"fr_FR\" \/>\n<meta property=\"og:type\" content=\"article\" \/>\n<meta property=\"og:title\" content=\"Contact - D\u00e9mo dentiste 1\" \/>\n<meta property=\"og:description\" content=\"Contact Localisation 1 rue de Metz &#8211; Immeuble BERTRAND 1er \u00e9tage premi\u00e8re porte \u00e0 droite 31000 Toulouse T\u00e9l\u00e9phone 00 00 00 00 00 Horaires d&rsquo;ouverture Lundi 9h-12h \/ 14h-19h Mardi 9h-12h \/ 14h-19h Mercredi 9h-12h \/ 14h-19h Jeudi 9h-12h \/ 14h-19h Vendredi 9h-12h \/ 14h-19h Samedi 9h-12h \/ 14h-19h\" \/>\n<meta property=\"og:url\" content=\"https:\/\/www.doc2site.fr\/demo_dentiste_1\/contact\/\" \/>\n<meta property=\"og:site_name\" content=\"D\u00e9mo dentiste 1\" \/>\n<meta property=\"article:modified_time\" content=\"2024-03-21T12:46:53+00:00\" \/>\n<meta name=\"twitter:card\" content=\"summary_large_image\" \/>\n<meta name=\"twitter:label1\" content=\"Dur\u00e9e de lecture estim\u00e9e\" \/>\n\t<meta name=\"twitter:data1\" content=\"1 minute\" \/>\n<script type=\"application\/ld+json\" class=\"yoast-schema-graph\">{\"@context\":\"https:\/\/schema.org\",\"@graph\":[{\"@type\":\"WebPage\",\"@id\":\"https:\/\/www.doc2site.fr\/demo_dentiste_1\/contact\/\",\"url\":\"https:\/\/www.doc2site.fr\/demo_dentiste_1\/contact\/\",\"name\":\"Contact - D\u00e9mo dentiste 1\",\"isPartOf\":{\"@id\":\"https:\/\/www.doc2site.fr\/demo_dentiste_1\/#website\"},\"datePublished\":\"2023-12-08T08:39:10+00:00\",\"dateModified\":\"2024-03-21T12:46:53+00:00\",\"breadcrumb\":{\"@id\":\"https:\/\/www.doc2site.fr\/demo_dentiste_1\/contact\/#breadcrumb\"},\"inLanguage\":\"fr-FR\",\"potentialAction\":[{\"@type\":\"ReadAction\",\"target\":[\"https:\/\/www.doc2site.fr\/demo_dentiste_1\/contact\/\"]}]},{\"@type\":\"BreadcrumbList\",\"@id\":\"https:\/\/www.doc2site.fr\/demo_dentiste_1\/contact\/#breadcrumb\",\"itemListElement\":[{\"@type\":\"ListItem\",\"position\":1,\"name\":\"Accueil\",\"item\":\"https:\/\/www.doc2site.fr\/demo_dentiste_1\/\"},{\"@type\":\"ListItem\",\"position\":2,\"name\":\"Contact\"}]},{\"@type\":\"WebSite\",\"@id\":\"https:\/\/www.doc2site.fr\/demo_dentiste_1\/#website\",\"url\":\"https:\/\/www.doc2site.fr\/demo_dentiste_1\/\",\"name\":\"D\u00e9mo dentiste 1\",\"description\":\"\",\"publisher\":{\"@id\":\"https:\/\/www.doc2site.fr\/demo_dentiste_1\/#organization\"},\"potentialAction\":[{\"@type\":\"SearchAction\",\"target\":{\"@type\":\"EntryPoint\",\"urlTemplate\":\"https:\/\/www.doc2site.fr\/demo_dentiste_1\/?s={search_term_string}\"},\"query-input\":\"required name=search_term_string\"}],\"inLanguage\":\"fr-FR\"},{\"@type\":\"Organization\",\"@id\":\"https:\/\/www.doc2site.fr\/demo_dentiste_1\/#organization\",\"name\":\"D\u00e9mo dentiste 1\",\"url\":\"https:\/\/www.doc2site.fr\/demo_dentiste_1\/\",\"logo\":{\"@type\":\"ImageObject\",\"inLanguage\":\"fr-FR\",\"@id\":\"https:\/\/www.doc2site.fr\/demo_dentiste_1\/#\/schema\/logo\/image\/\",\"url\":\"https:\/\/www.doc2site.fr\/demo_dentiste_1\/wp-content\/uploads\/2023\/12\/logo-site.svg\",\"contentUrl\":\"https:\/\/www.doc2site.fr\/demo_dentiste_1\/wp-content\/uploads\/2023\/12\/logo-site.svg\",\"width\":269,\"height\":42,\"caption\":\"D\u00e9mo dentiste 1\"},\"image\":{\"@id\":\"https:\/\/www.doc2site.fr\/demo_dentiste_1\/#\/schema\/logo\/image\/\"}}]}<\/script>\n<!-- \/ Yoast SEO plugin. -->","yoast_head_json":{"title":"Contact - D\u00e9mo dentiste 1","robots":{"index":"index","follow":"follow","max-snippet":"max-snippet:-1","max-image-preview":"max-image-preview:large","max-video-preview":"max-video-preview:-1"},"canonical":"https:\/\/www.doc2site.fr\/demo_dentiste_1\/contact\/","og_locale":"fr_FR","og_type":"article","og_title":"Contact - D\u00e9mo dentiste 1","og_description":"Contact Localisation 1 rue de Metz &#8211; Immeuble BERTRAND 1er \u00e9tage premi\u00e8re porte \u00e0 droite 31000 Toulouse T\u00e9l\u00e9phone 00 00 00 00 00 Horaires d&rsquo;ouverture Lundi 9h-12h \/ 14h-19h Mardi 9h-12h \/ 14h-19h Mercredi 9h-12h \/ 14h-19h Jeudi 9h-12h \/ 14h-19h Vendredi 9h-12h \/ 14h-19h Samedi 9h-12h \/ 14h-19h","og_url":"https:\/\/www.doc2site.fr\/demo_dentiste_1\/contact\/","og_site_name":"D\u00e9mo dentiste 1","article_modified_time":"2024-03-21T12:46:53+00:00","twitter_card":"summary_large_image","twitter_misc":{"Dur\u00e9e de lecture estim\u00e9e":"1 minute"},"schema":{"@context":"https:\/\/schema.org","@graph":[{"@type":"WebPage","@id":"https:\/\/www.doc2site.fr\/demo_dentiste_1\/contact\/","url":"https:\/\/www.doc2site.fr\/demo_dentiste_1\/contact\/","name":"Contact - D\u00e9mo dentiste 1","isPartOf":{"@id":"https:\/\/www.doc2site.fr\/demo_dentiste_1\/#website"},"datePublished":"2023-12-08T08:39:10+00:00","dateModified":"2024-03-21T12:46:53+00:00","breadcrumb":{"@id":"https:\/\/www.doc2site.fr\/demo_dentiste_1\/contact\/#breadcrumb"},"inLanguage":"fr-FR","potentialAction":[{"@type":"ReadAction","target":["https:\/\/www.doc2site.fr\/demo_dentiste_1\/contact\/"]}]},{"@type":"BreadcrumbList","@id":"https:\/\/www.doc2site.fr\/demo_dentiste_1\/contact\/#breadcrumb","itemListElement":[{"@type":"ListItem","position":1,"name":"Accueil","item":"https:\/\/www.doc2site.fr\/demo_dentiste_1\/"},{"@type":"ListItem","position":2,"name":"Contact"}]},{"@type":"WebSite","@id":"https:\/\/www.doc2site.fr\/demo_dentiste_1\/#website","url":"https:\/\/www.doc2site.fr\/demo_dentiste_1\/","name":"D\u00e9mo dentiste 1","description":"","publisher":{"@id":"https:\/\/www.doc2site.fr\/demo_dentiste_1\/#organization"},"potentialAction":[{"@type":"SearchAction","target":{"@type":"EntryPoint","urlTemplate":"https:\/\/www.doc2site.fr\/demo_dentiste_1\/?s={search_term_string}"},"query-input":"required name=search_term_string"}],"inLanguage":"fr-FR"},{"@type":"Organization","@id":"https:\/\/www.doc2site.fr\/demo_dentiste_1\/#organization","name":"D\u00e9mo dentiste 1","url":"https:\/\/www.doc2site.fr\/demo_dentiste_1\/","logo":{"@type":"ImageObject","inLanguage":"fr-FR","@id":"https:\/\/www.doc2site.fr\/demo_dentiste_1\/#\/schema\/logo\/image\/","url":"https:\/\/www.doc2site.fr\/demo_dentiste_1\/wp-content\/uploads\/2023\/12\/logo-site.svg","contentUrl":"https:\/\/www.doc2site.fr\/demo_dentiste_1\/wp-content\/uploads\/2023\/12\/logo-site.svg","width":269,"height":42,"caption":"D\u00e9mo dentiste 1"},"image":{"@id":"https:\/\/www.doc2site.fr\/demo_dentiste_1\/#\/schema\/logo\/image\/"}}]}},"_links":{"self":[{"href":"https:\/\/www.doc2site.fr\/demo_dentiste_1\/wp-json\/wp\/v2\/pages\/17","targetHints":{"allow":["GET"]}}],"collection":[{"href":"https:\/\/www.doc2site.fr\/demo_dentiste_1\/wp-json\/wp\/v2\/pages"}],"about":[{"href":"https:\/\/www.doc2site.fr\/demo_dentiste_1\/wp-json\/wp\/v2\/types\/page"}],"author":[{"embeddable":true,"href":"https:\/\/www.doc2site.fr\/demo_dentiste_1\/wp-json\/wp\/v2\/users\/1"}],"replies":[{"embeddable":true,"href":"https:\/\/www.doc2site.fr\/demo_dentiste_1\/wp-json\/wp\/v2\/comments?post=17"}],"version-history":[{"count":64,"href":"https:\/\/www.doc2site.fr\/demo_dentiste_1\/wp-json\/wp\/v2\/pages\/17\/revisions"}],"predecessor-version":[{"id":719,"href":"https:\/\/www.doc2site.fr\/demo_dentiste_1\/wp-json\/wp\/v2\/pages\/17\/revisions\/719"}],"wp:attachment":[{"href":"https:\/\/www.doc2site.fr\/demo_dentiste_1\/wp-json\/wp\/v2\/media?parent=17"}],"curies":[{"name":"wp","href":"https:\/\/api.w.org\/{rel}","templated":true}]}}