{"id":15,"date":"2023-12-08T09:39:01","date_gmt":"2023-12-08T08:39:01","guid":{"rendered":"https:\/\/www.doctisite.fr\/demo_dentiste_1\/?page_id=15"},"modified":"2024-03-21T13:47:04","modified_gmt":"2024-03-21T12:47:04","slug":"soins","status":"publish","type":"page","link":"https:\/\/www.doc2site.fr\/demo_dentiste_1\/soins\/","title":{"rendered":"Soins"},"content":{"rendered":"\t\t<div data-elementor-type=\"wp-page\" data-elementor-id=\"15\" class=\"elementor elementor-15\">\n\t\t\t\t\t\t<section class=\"elementor-section elementor-top-section elementor-element elementor-element-0aa2406 elementor-section-full_width elementor-section-stretched elementor-section-content-middle elementor-section-height-default elementor-section-height-default\" data-id=\"0aa2406\" data-element_type=\"section\" data-settings=\"{&quot;stretch_section&quot;:&quot;section-stretched&quot;,&quot;background_background&quot;:&quot;classic&quot;}\">\n\t\t\t\t\t\t\t<div class=\"elementor-background-overlay\"><\/div>\n\t\t\t\t\t\t\t<div class=\"elementor-container elementor-column-gap-default\">\n\t\t\t\t\t<div class=\"elementor-column elementor-col-100 elementor-top-column elementor-element elementor-element-8338fe5\" data-id=\"8338fe5\" data-element_type=\"column\">\n\t\t\t<div class=\"elementor-widget-wrap\">\n\t\t\t\t\t\t\t<\/div>\n\t\t<\/div>\n\t\t\t\t\t<\/div>\n\t\t<\/section>\n\t\t\t\t<section class=\"elementor-section elementor-top-section elementor-element elementor-element-2c2102f elementor-section-boxed elementor-section-height-default elementor-section-height-default\" data-id=\"2c2102f\" data-element_type=\"section\">\n\t\t\t\t\t\t<div class=\"elementor-container elementor-column-gap-default\">\n\t\t\t\t\t<div class=\"elementor-column elementor-col-100 elementor-top-column elementor-element elementor-element-4b9aadf glassmorphism\" data-id=\"4b9aadf\" data-element_type=\"column\">\n\t\t\t<div class=\"elementor-widget-wrap elementor-element-populated\">\n\t\t\t\t\t\t<div class=\"elementor-element elementor-element-126e105 elementor-invisible elementor-widget elementor-widget-heading\" data-id=\"126e105\" data-element_type=\"widget\" data-settings=\"{&quot;_animation&quot;:&quot;fadeIn&quot;}\" data-widget_type=\"heading.default\">\n\t\t\t\t<div class=\"elementor-widget-container\">\n\t\t\t<style>\/*! elementor - v3.19.0 - 28-02-2024 *\/\n.elementor-heading-title{padding:0;margin:0;line-height:1}.elementor-widget-heading .elementor-heading-title[class*=elementor-size-]>a{color:inherit;font-size:inherit;line-height:inherit}.elementor-widget-heading .elementor-heading-title.elementor-size-small{font-size:15px}.elementor-widget-heading .elementor-heading-title.elementor-size-medium{font-size:19px}.elementor-widget-heading .elementor-heading-title.elementor-size-large{font-size:29px}.elementor-widget-heading .elementor-heading-title.elementor-size-xl{font-size:39px}.elementor-widget-heading .elementor-heading-title.elementor-size-xxl{font-size:59px}<\/style><h1 class=\"elementor-heading-title elementor-size-default\">Nos soins<\/h1>\t\t<\/div>\n\t\t\t\t<\/div>\n\t\t\t\t<section class=\"elementor-section elementor-inner-section elementor-element elementor-element-ae06619 elementor-section-boxed elementor-section-height-default elementor-section-height-default\" data-id=\"ae06619\" data-element_type=\"section\">\n\t\t\t\t\t\t<div class=\"elementor-container elementor-column-gap-default\">\n\t\t\t\t\t<div class=\"elementor-column elementor-col-33 elementor-inner-column elementor-element elementor-element-1f61454 elementor-invisible\" data-id=\"1f61454\" data-element_type=\"column\" data-settings=\"{&quot;animation&quot;:&quot;fadeIn&quot;,&quot;animation_delay&quot;:100}\">\n\t\t\t<div class=\"elementor-widget-wrap elementor-element-populated\">\n\t\t\t\t\t\t<div class=\"elementor-element elementor-element-b18f137 h2bis elementor-widget elementor-widget-heading\" data-id=\"b18f137\" data-element_type=\"widget\" data-widget_type=\"heading.default\">\n\t\t\t\t<div class=\"elementor-widget-container\">\n\t\t\t<h3 class=\"elementor-heading-title elementor-size-default\">Soins pr\u00e9ventifs<\/h3>\t\t<\/div>\n\t\t\t\t<\/div>\n\t\t\t\t<div class=\"elementor-element elementor-element-229eb70 elementor-widget elementor-widget-text-editor\" data-id=\"229eb70\" data-element_type=\"widget\" data-widget_type=\"text-editor.default\">\n\t\t\t\t<div class=\"elementor-widget-container\">\n\t\t\t<style>\/*! elementor - v3.19.0 - 28-02-2024 *\/\n.elementor-widget-text-editor.elementor-drop-cap-view-stacked .elementor-drop-cap{background-color:#69727d;color:#fff}.elementor-widget-text-editor.elementor-drop-cap-view-framed .elementor-drop-cap{color:#69727d;border:3px solid;background-color:transparent}.elementor-widget-text-editor:not(.elementor-drop-cap-view-default) .elementor-drop-cap{margin-top:8px}.elementor-widget-text-editor:not(.elementor-drop-cap-view-default) .elementor-drop-cap-letter{width:1em;height:1em}.elementor-widget-text-editor .elementor-drop-cap{float:left;text-align:center;line-height:1;font-size:50px}.elementor-widget-text-editor .elementor-drop-cap-letter{display:inline-block}<\/style>\t\t\t\tGarantir la sant\u00e9 bucco-dentaire \u00e0 long terme de nos patients.\n\t\t\t\t\t\t<\/div>\n\t\t\t\t<\/div>\n\t\t\t\t\t<\/div>\n\t\t<\/div>\n\t\t\t\t<div class=\"elementor-column elementor-col-33 elementor-inner-column elementor-element elementor-element-b5b1e24 elementor-invisible\" data-id=\"b5b1e24\" data-element_type=\"column\" data-settings=\"{&quot;animation&quot;:&quot;fadeIn&quot;,&quot;animation_delay&quot;:200}\">\n\t\t\t<div class=\"elementor-widget-wrap elementor-element-populated\">\n\t\t\t\t\t\t<div class=\"elementor-element elementor-element-14f68ff h2bis elementor-widget elementor-widget-heading\" data-id=\"14f68ff\" data-element_type=\"widget\" data-widget_type=\"heading.default\">\n\t\t\t\t<div class=\"elementor-widget-container\">\n\t\t\t<h3 class=\"elementor-heading-title elementor-size-default\">Soins curatifs<\/h3>\t\t<\/div>\n\t\t\t\t<\/div>\n\t\t\t\t<div class=\"elementor-element elementor-element-85deea1 elementor-widget elementor-widget-text-editor\" data-id=\"85deea1\" data-element_type=\"widget\" data-widget_type=\"text-editor.default\">\n\t\t\t\t<div class=\"elementor-widget-container\">\n\t\t\t\t\t\t\tTraiter efficacement les probl\u00e8mes dentaires existants, apportant un soulagement aux patients.\n\n\t\t\t\t\t\t<\/div>\n\t\t\t\t<\/div>\n\t\t\t\t\t<\/div>\n\t\t<\/div>\n\t\t\t\t<div class=\"elementor-column elementor-col-33 elementor-inner-column elementor-element elementor-element-4763ade elementor-invisible\" data-id=\"4763ade\" data-element_type=\"column\" data-settings=\"{&quot;animation&quot;:&quot;fadeIn&quot;,&quot;animation_delay&quot;:300}\">\n\t\t\t<div class=\"elementor-widget-wrap elementor-element-populated\">\n\t\t\t\t\t\t<div class=\"elementor-element elementor-element-abc01f6 h2bis elementor-widget elementor-widget-heading\" data-id=\"abc01f6\" data-element_type=\"widget\" data-widget_type=\"heading.default\">\n\t\t\t\t<div class=\"elementor-widget-container\">\n\t\t\t<h3 class=\"elementor-heading-title elementor-size-default\">Chirurgie dentaire<\/h3>\t\t<\/div>\n\t\t\t\t<\/div>\n\t\t\t\t<div class=\"elementor-element elementor-element-46c1f29 elementor-widget elementor-widget-text-editor\" data-id=\"46c1f29\" data-element_type=\"widget\" data-widget_type=\"text-editor.default\">\n\t\t\t\t<div class=\"elementor-widget-container\">\n\t\t\t\t\t\t\tDes interventions pr\u00e9cises et innovantes, offrant des solutions chirurgicales avanc\u00e9es.\n\n\t\t\t\t\t\t<\/div>\n\t\t\t\t<\/div>\n\t\t\t\t\t<\/div>\n\t\t<\/div>\n\t\t\t\t\t<\/div>\n\t\t<\/section>\n\t\t\t\t<section class=\"elementor-section elementor-inner-section elementor-element elementor-element-72a2608 elementor-section-boxed elementor-section-height-default elementor-section-height-default\" data-id=\"72a2608\" data-element_type=\"section\">\n\t\t\t\t\t\t<div class=\"elementor-container elementor-column-gap-default\">\n\t\t\t\t\t<div class=\"elementor-column elementor-col-33 elementor-inner-column elementor-element elementor-element-27c476a elementor-invisible\" data-id=\"27c476a\" data-element_type=\"column\" data-settings=\"{&quot;animation&quot;:&quot;fadeIn&quot;,&quot;animation_delay&quot;:400}\">\n\t\t\t<div class=\"elementor-widget-wrap elementor-element-populated\">\n\t\t\t\t\t\t<div class=\"elementor-element elementor-element-592bae1 h2bis elementor-widget elementor-widget-heading\" data-id=\"592bae1\" data-element_type=\"widget\" data-widget_type=\"heading.default\">\n\t\t\t\t<div class=\"elementor-widget-container\">\n\t\t\t<h3 class=\"elementor-heading-title elementor-size-default\">Proth\u00e8ses dentaires<\/h3>\t\t<\/div>\n\t\t\t\t<\/div>\n\t\t\t\t<div class=\"elementor-element elementor-element-5f00184 elementor-widget elementor-widget-text-editor\" data-id=\"5f00184\" data-element_type=\"widget\" data-widget_type=\"text-editor.default\">\n\t\t\t\t<div class=\"elementor-widget-container\">\n\t\t\t\t\t\t\tDes dispositifs m\u00e9dicaux con\u00e7us pour remplacer les dents manquantes, am\u00e9liorant ainsi la fonction masticatoire et l&rsquo;esth\u00e9tique buccale.\t\t\t\t\t\t<\/div>\n\t\t\t\t<\/div>\n\t\t\t\t\t<\/div>\n\t\t<\/div>\n\t\t\t\t<div class=\"elementor-column elementor-col-33 elementor-inner-column elementor-element elementor-element-8f954d1 elementor-invisible\" data-id=\"8f954d1\" data-element_type=\"column\" data-settings=\"{&quot;animation&quot;:&quot;fadeIn&quot;,&quot;animation_delay&quot;:500}\">\n\t\t\t<div class=\"elementor-widget-wrap elementor-element-populated\">\n\t\t\t\t\t\t<div class=\"elementor-element elementor-element-4d8f5d3 h2bis elementor-widget elementor-widget-heading\" data-id=\"4d8f5d3\" data-element_type=\"widget\" data-widget_type=\"heading.default\">\n\t\t\t\t<div class=\"elementor-widget-container\">\n\t\t\t<h3 class=\"elementor-heading-title elementor-size-default\">Implants dentaires<\/h3>\t\t<\/div>\n\t\t\t\t<\/div>\n\t\t\t\t<div class=\"elementor-element elementor-element-4c98cf1 elementor-widget elementor-widget-text-editor\" data-id=\"4c98cf1\" data-element_type=\"widget\" data-widget_type=\"text-editor.default\">\n\t\t\t\t<div class=\"elementor-widget-container\">\n\t\t\t\t\t\t\tUne solution permanente et stable pour remplacer les dents manquantes.\n\t\t\t\t\t\t<\/div>\n\t\t\t\t<\/div>\n\t\t\t\t\t<\/div>\n\t\t<\/div>\n\t\t\t\t<div class=\"elementor-column elementor-col-33 elementor-inner-column elementor-element elementor-element-400fba8 elementor-invisible\" data-id=\"400fba8\" data-element_type=\"column\" data-settings=\"{&quot;animation&quot;:&quot;fadeIn&quot;,&quot;animation_delay&quot;:600}\">\n\t\t\t<div class=\"elementor-widget-wrap elementor-element-populated\">\n\t\t\t\t\t\t<div class=\"elementor-element elementor-element-dceb23a h2bis elementor-widget elementor-widget-heading\" data-id=\"dceb23a\" data-element_type=\"widget\" data-widget_type=\"heading.default\">\n\t\t\t\t<div class=\"elementor-widget-container\">\n\t\t\t<h3 class=\"elementor-heading-title elementor-size-default\">Soins esth\u00e9tiques<\/h3>\t\t<\/div>\n\t\t\t\t<\/div>\n\t\t\t\t<div class=\"elementor-element elementor-element-cada52a elementor-widget elementor-widget-text-editor\" data-id=\"cada52a\" data-element_type=\"widget\" data-widget_type=\"text-editor.default\">\n\t\t\t\t<div class=\"elementor-widget-container\">\n\t\t\t\t\t\t\tDes proc\u00e9dures visant \u00e0 am\u00e9liorer l&rsquo;apparence des dents afin d&rsquo;obtenir un sourire plus esth\u00e9tique.\t\t\t\t\t\t<\/div>\n\t\t\t\t<\/div>\n\t\t\t\t\t<\/div>\n\t\t<\/div>\n\t\t\t\t\t<\/div>\n\t\t<\/section>\n\t\t\t\t\t<\/div>\n\t\t<\/div>\n\t\t\t\t\t<\/div>\n\t\t<\/section>\n\t\t\t\t<section class=\"elementor-section elementor-top-section elementor-element elementor-element-4902c42 elementor-section-boxed elementor-section-height-default elementor-section-height-default\" data-id=\"4902c42\" data-element_type=\"section\">\n\t\t\t\t\t\t<div class=\"elementor-container elementor-column-gap-default\">\n\t\t\t\t\t<div class=\"elementor-column elementor-col-100 elementor-top-column elementor-element elementor-element-63f095d\" data-id=\"63f095d\" data-element_type=\"column\">\n\t\t\t<div class=\"elementor-widget-wrap elementor-element-populated\">\n\t\t\t\t\t\t<div class=\"elementor-element elementor-element-e4a5899 elementor-widget elementor-widget-heading\" data-id=\"e4a5899\" data-element_type=\"widget\" data-widget_type=\"heading.default\">\n\t\t\t\t<div class=\"elementor-widget-container\">\n\t\t\t<h3 class=\"elementor-heading-title elementor-size-default\">\u00ab Que vous veniez pour une visite de routine, des soins pr\u00e9ventifs, des traitements esth\u00e9tiques ou des interventions plus complexes, nous sommes l\u00e0 pour vous offrir des soins dentaires adapt\u00e9s  \u00bb<\/h3>\t\t<\/div>\n\t\t\t\t<\/div>\n\t\t\t\t\t<\/div>\n\t\t<\/div>\n\t\t\t\t\t<\/div>\n\t\t<\/section>\n\t\t\t\t<section class=\"elementor-section elementor-top-section elementor-element elementor-element-61cee1b elementor-section-stretched elementor-section-boxed elementor-section-height-default elementor-section-height-default\" data-id=\"61cee1b\" data-element_type=\"section\" data-settings=\"{&quot;stretch_section&quot;:&quot;section-stretched&quot;,&quot;background_background&quot;:&quot;classic&quot;}\">\n\t\t\t\t\t\t<div class=\"elementor-container elementor-column-gap-default\">\n\t\t\t\t\t<div class=\"elementor-column elementor-col-100 elementor-top-column elementor-element elementor-element-436175b\" data-id=\"436175b\" data-element_type=\"column\">\n\t\t\t<div class=\"elementor-widget-wrap elementor-element-populated\">\n\t\t\t\t\t\t<div class=\"elementor-element elementor-element-c1028dc elementor-invisible elementor-widget elementor-widget-heading\" data-id=\"c1028dc\" data-element_type=\"widget\" data-settings=\"{&quot;_animation&quot;:&quot;fadeIn&quot;}\" data-widget_type=\"heading.default\">\n\t\t\t\t<div class=\"elementor-widget-container\">\n\t\t\t<h2 class=\"elementor-heading-title elementor-size-default\">Contactez-nous<\/h2>\t\t<\/div>\n\t\t\t\t<\/div>\n\t\t\t\t<section class=\"elementor-section elementor-inner-section elementor-element elementor-element-fdeb08f elementor-section-boxed elementor-section-height-default elementor-section-height-default\" data-id=\"fdeb08f\" data-element_type=\"section\">\n\t\t\t\t\t\t<div class=\"elementor-container elementor-column-gap-default\">\n\t\t\t\t\t<div class=\"elementor-column elementor-col-50 elementor-inner-column elementor-element elementor-element-f5bd5f9\" data-id=\"f5bd5f9\" data-element_type=\"column\">\n\t\t\t<div class=\"elementor-widget-wrap elementor-element-populated\">\n\t\t\t\t\t\t<div class=\"elementor-element elementor-element-8728131 elementor-align-right elementor-mobile-align-center elementor-widget elementor-widget-button\" data-id=\"8728131\" data-element_type=\"widget\" data-widget_type=\"button.default\">\n\t\t\t\t<div class=\"elementor-widget-container\">\n\t\t\t\t\t<div class=\"elementor-button-wrapper\">\n\t\t\t<a class=\"elementor-button elementor-button-link elementor-size-sm elementor-animation-grow\" href=\"#\">\n\t\t\t\t\t\t<span class=\"elementor-button-content-wrapper\">\n\t\t\t\t\t\t<span class=\"elementor-button-icon elementor-align-icon-left\">\n\t\t\t\t<svg xmlns=\"http:\/\/www.w3.org\/2000\/svg\" id=\"telephone-call\" width=\"59.453\" height=\"59.453\" viewBox=\"0 0 59.453 59.453\"><path id=\"Trac&#xE9;_208\" data-name=\"Trac&#xE9; 208\" d=\"M60.164,47.354c-1.856-1.556-12.74-8.449-14.549-8.132-.849.151-1.5.875-3.238,2.949a24.815,24.815,0,0,1-2.641,2.86,22.84,22.84,0,0,1-5.041-1.869,31.213,31.213,0,0,1-14.4-14.409,22.84,22.84,0,0,1-1.869-5.041,24.815,24.815,0,0,1,2.86-2.641c2.072-1.739,2.8-2.384,2.949-3.238C24.548,16.02,17.649,5.14,16.1,3.285,15.449,2.516,14.859,2,14.1,2,11.912,2,2,14.256,2,15.844c0,.13.212,12.889,16.326,29.283C34.72,61.241,47.48,61.453,47.609,61.453c1.588,0,13.844-9.912,13.844-12.1,0-.756-.516-1.346-1.289-2Z\" transform=\"translate(-2 -2)\"><\/path><path id=\"Trac&#xE9;_209\" data-name=\"Trac&#xE9; 209\" d=\"M29.74,23.987h4.247A17.006,17.006,0,0,0,17,7v4.247A12.753,12.753,0,0,1,29.74,23.987Z\" transform=\"translate(14.85 3.617)\"><\/path><path id=\"Trac&#xE9;_210\" data-name=\"Trac&#xE9; 210\" d=\"M40.357,29.6H44.6A27.635,27.635,0,0,0,17,2V6.247A23.384,23.384,0,0,1,40.357,29.6Z\" transform=\"translate(14.85 -2)\"><\/path><\/svg>\t\t\t<\/span>\n\t\t\t\t\t\t<span class=\"elementor-button-text\">00 00 00 00 00<\/span>\n\t\t<\/span>\n\t\t\t\t\t<\/a>\n\t\t<\/div>\n\t\t\t\t<\/div>\n\t\t\t\t<\/div>\n\t\t\t\t\t<\/div>\n\t\t<\/div>\n\t\t\t\t<div class=\"elementor-column elementor-col-50 elementor-inner-column elementor-element elementor-element-167c0ac\" data-id=\"167c0ac\" data-element_type=\"column\">\n\t\t\t<div class=\"elementor-widget-wrap elementor-element-populated\">\n\t\t\t\t\t\t<div class=\"elementor-element elementor-element-3747714 elementor-align-left elementor-mobile-align-center elementor-widget elementor-widget-button\" data-id=\"3747714\" data-element_type=\"widget\" data-widget_type=\"button.default\">\n\t\t\t\t<div class=\"elementor-widget-container\">\n\t\t\t\t\t<div class=\"elementor-button-wrapper\">\n\t\t\t<a class=\"elementor-button elementor-button-link elementor-size-sm elementor-animation-grow\" href=\"#\">\n\t\t\t\t\t\t<span class=\"elementor-button-content-wrapper\">\n\t\t\t\t\t\t<span class=\"elementor-button-text\">Prendre rdv<\/span>\n\t\t<\/span>\n\t\t\t\t\t<\/a>\n\t\t<\/div>\n\t\t\t\t<\/div>\n\t\t\t\t<\/div>\n\t\t\t\t\t<\/div>\n\t\t<\/div>\n\t\t\t\t\t<\/div>\n\t\t<\/section>\n\t\t\t\t\t<\/div>\n\t\t<\/div>\n\t\t\t\t\t<\/div>\n\t\t<\/section>\n\t\t\t\t<\/div>\n\t\t","protected":false},"excerpt":{"rendered":"<p>Nos soins Soins pr\u00e9ventifs Garantir la sant\u00e9 bucco-dentaire \u00e0 long terme de nos patients. Soins curatifs Traiter efficacement les probl\u00e8mes dentaires existants, apportant un soulagement aux patients. Chirurgie dentaire Des interventions pr\u00e9cises et innovantes, offrant des solutions chirurgicales avanc\u00e9es. Proth\u00e8ses dentaires Des dispositifs m\u00e9dicaux con\u00e7us pour remplacer les dents manquantes, am\u00e9liorant ainsi la fonction masticatoire [&hellip;]<\/p>\n","protected":false},"author":1,"featured_media":0,"parent":0,"menu_order":0,"comment_status":"closed","ping_status":"closed","template":"","meta":{"footnotes":""},"class_list":["post-15","page","type-page","status-publish","hentry"],"yoast_head":"<!-- This site is optimized with the Yoast SEO plugin v22.1 - https:\/\/yoast.com\/wordpress\/plugins\/seo\/ -->\n<title>Soins - D\u00e9mo dentiste 1<\/title>\n<meta name=\"robots\" content=\"index, follow, max-snippet:-1, max-image-preview:large, max-video-preview:-1\" \/>\n<link rel=\"canonical\" href=\"https:\/\/www.doc2site.fr\/demo_dentiste_1\/soins\/\" \/>\n<meta property=\"og:locale\" content=\"fr_FR\" \/>\n<meta property=\"og:type\" content=\"article\" \/>\n<meta property=\"og:title\" content=\"Soins - D\u00e9mo dentiste 1\" \/>\n<meta property=\"og:description\" content=\"Nos soins Soins pr\u00e9ventifs Garantir la sant\u00e9 bucco-dentaire \u00e0 long terme de nos patients. Soins curatifs Traiter efficacement les probl\u00e8mes dentaires existants, apportant un soulagement aux patients. Chirurgie dentaire Des interventions pr\u00e9cises et innovantes, offrant des solutions chirurgicales avanc\u00e9es. Proth\u00e8ses dentaires Des dispositifs m\u00e9dicaux con\u00e7us pour remplacer les dents manquantes, am\u00e9liorant ainsi la fonction masticatoire [&hellip;]\" \/>\n<meta property=\"og:url\" content=\"https:\/\/www.doc2site.fr\/demo_dentiste_1\/soins\/\" \/>\n<meta property=\"og:site_name\" content=\"D\u00e9mo dentiste 1\" \/>\n<meta property=\"article:modified_time\" content=\"2024-03-21T12:47:04+00:00\" \/>\n<meta name=\"twitter:card\" content=\"summary_large_image\" \/>\n<meta name=\"twitter:label1\" content=\"Dur\u00e9e de lecture estim\u00e9e\" \/>\n\t<meta name=\"twitter:data1\" content=\"1 minute\" \/>\n<script type=\"application\/ld+json\" class=\"yoast-schema-graph\">{\"@context\":\"https:\/\/schema.org\",\"@graph\":[{\"@type\":\"WebPage\",\"@id\":\"https:\/\/www.doc2site.fr\/demo_dentiste_1\/soins\/\",\"url\":\"https:\/\/www.doc2site.fr\/demo_dentiste_1\/soins\/\",\"name\":\"Soins - D\u00e9mo dentiste 1\",\"isPartOf\":{\"@id\":\"https:\/\/www.doc2site.fr\/demo_dentiste_1\/#website\"},\"datePublished\":\"2023-12-08T08:39:01+00:00\",\"dateModified\":\"2024-03-21T12:47:04+00:00\",\"breadcrumb\":{\"@id\":\"https:\/\/www.doc2site.fr\/demo_dentiste_1\/soins\/#breadcrumb\"},\"inLanguage\":\"fr-FR\",\"potentialAction\":[{\"@type\":\"ReadAction\",\"target\":[\"https:\/\/www.doc2site.fr\/demo_dentiste_1\/soins\/\"]}]},{\"@type\":\"BreadcrumbList\",\"@id\":\"https:\/\/www.doc2site.fr\/demo_dentiste_1\/soins\/#breadcrumb\",\"itemListElement\":[{\"@type\":\"ListItem\",\"position\":1,\"name\":\"Accueil\",\"item\":\"https:\/\/www.doc2site.fr\/demo_dentiste_1\/\"},{\"@type\":\"ListItem\",\"position\":2,\"name\":\"Soins\"}]},{\"@type\":\"WebSite\",\"@id\":\"https:\/\/www.doc2site.fr\/demo_dentiste_1\/#website\",\"url\":\"https:\/\/www.doc2site.fr\/demo_dentiste_1\/\",\"name\":\"D\u00e9mo dentiste 1\",\"description\":\"\",\"publisher\":{\"@id\":\"https:\/\/www.doc2site.fr\/demo_dentiste_1\/#organization\"},\"potentialAction\":[{\"@type\":\"SearchAction\",\"target\":{\"@type\":\"EntryPoint\",\"urlTemplate\":\"https:\/\/www.doc2site.fr\/demo_dentiste_1\/?s={search_term_string}\"},\"query-input\":\"required name=search_term_string\"}],\"inLanguage\":\"fr-FR\"},{\"@type\":\"Organization\",\"@id\":\"https:\/\/www.doc2site.fr\/demo_dentiste_1\/#organization\",\"name\":\"D\u00e9mo dentiste 1\",\"url\":\"https:\/\/www.doc2site.fr\/demo_dentiste_1\/\",\"logo\":{\"@type\":\"ImageObject\",\"inLanguage\":\"fr-FR\",\"@id\":\"https:\/\/www.doc2site.fr\/demo_dentiste_1\/#\/schema\/logo\/image\/\",\"url\":\"https:\/\/www.doc2site.fr\/demo_dentiste_1\/wp-content\/uploads\/2023\/12\/logo-site.svg\",\"contentUrl\":\"https:\/\/www.doc2site.fr\/demo_dentiste_1\/wp-content\/uploads\/2023\/12\/logo-site.svg\",\"width\":269,\"height\":42,\"caption\":\"D\u00e9mo dentiste 1\"},\"image\":{\"@id\":\"https:\/\/www.doc2site.fr\/demo_dentiste_1\/#\/schema\/logo\/image\/\"}}]}<\/script>\n<!-- \/ Yoast SEO plugin. -->","yoast_head_json":{"title":"Soins - D\u00e9mo dentiste 1","robots":{"index":"index","follow":"follow","max-snippet":"max-snippet:-1","max-image-preview":"max-image-preview:large","max-video-preview":"max-video-preview:-1"},"canonical":"https:\/\/www.doc2site.fr\/demo_dentiste_1\/soins\/","og_locale":"fr_FR","og_type":"article","og_title":"Soins - D\u00e9mo dentiste 1","og_description":"Nos soins Soins pr\u00e9ventifs Garantir la sant\u00e9 bucco-dentaire \u00e0 long terme de nos patients. Soins curatifs Traiter efficacement les probl\u00e8mes dentaires existants, apportant un soulagement aux patients. Chirurgie dentaire Des interventions pr\u00e9cises et innovantes, offrant des solutions chirurgicales avanc\u00e9es. Proth\u00e8ses dentaires Des dispositifs m\u00e9dicaux con\u00e7us pour remplacer les dents manquantes, am\u00e9liorant ainsi la fonction masticatoire [&hellip;]","og_url":"https:\/\/www.doc2site.fr\/demo_dentiste_1\/soins\/","og_site_name":"D\u00e9mo dentiste 1","article_modified_time":"2024-03-21T12:47:04+00:00","twitter_card":"summary_large_image","twitter_misc":{"Dur\u00e9e de lecture estim\u00e9e":"1 minute"},"schema":{"@context":"https:\/\/schema.org","@graph":[{"@type":"WebPage","@id":"https:\/\/www.doc2site.fr\/demo_dentiste_1\/soins\/","url":"https:\/\/www.doc2site.fr\/demo_dentiste_1\/soins\/","name":"Soins - D\u00e9mo dentiste 1","isPartOf":{"@id":"https:\/\/www.doc2site.fr\/demo_dentiste_1\/#website"},"datePublished":"2023-12-08T08:39:01+00:00","dateModified":"2024-03-21T12:47:04+00:00","breadcrumb":{"@id":"https:\/\/www.doc2site.fr\/demo_dentiste_1\/soins\/#breadcrumb"},"inLanguage":"fr-FR","potentialAction":[{"@type":"ReadAction","target":["https:\/\/www.doc2site.fr\/demo_dentiste_1\/soins\/"]}]},{"@type":"BreadcrumbList","@id":"https:\/\/www.doc2site.fr\/demo_dentiste_1\/soins\/#breadcrumb","itemListElement":[{"@type":"ListItem","position":1,"name":"Accueil","item":"https:\/\/www.doc2site.fr\/demo_dentiste_1\/"},{"@type":"ListItem","position":2,"name":"Soins"}]},{"@type":"WebSite","@id":"https:\/\/www.doc2site.fr\/demo_dentiste_1\/#website","url":"https:\/\/www.doc2site.fr\/demo_dentiste_1\/","name":"D\u00e9mo dentiste 1","description":"","publisher":{"@id":"https:\/\/www.doc2site.fr\/demo_dentiste_1\/#organization"},"potentialAction":[{"@type":"SearchAction","target":{"@type":"EntryPoint","urlTemplate":"https:\/\/www.doc2site.fr\/demo_dentiste_1\/?s={search_term_string}"},"query-input":"required name=search_term_string"}],"inLanguage":"fr-FR"},{"@type":"Organization","@id":"https:\/\/www.doc2site.fr\/demo_dentiste_1\/#organization","name":"D\u00e9mo dentiste 1","url":"https:\/\/www.doc2site.fr\/demo_dentiste_1\/","logo":{"@type":"ImageObject","inLanguage":"fr-FR","@id":"https:\/\/www.doc2site.fr\/demo_dentiste_1\/#\/schema\/logo\/image\/","url":"https:\/\/www.doc2site.fr\/demo_dentiste_1\/wp-content\/uploads\/2023\/12\/logo-site.svg","contentUrl":"https:\/\/www.doc2site.fr\/demo_dentiste_1\/wp-content\/uploads\/2023\/12\/logo-site.svg","width":269,"height":42,"caption":"D\u00e9mo dentiste 1"},"image":{"@id":"https:\/\/www.doc2site.fr\/demo_dentiste_1\/#\/schema\/logo\/image\/"}}]}},"_links":{"self":[{"href":"https:\/\/www.doc2site.fr\/demo_dentiste_1\/wp-json\/wp\/v2\/pages\/15","targetHints":{"allow":["GET"]}}],"collection":[{"href":"https:\/\/www.doc2site.fr\/demo_dentiste_1\/wp-json\/wp\/v2\/pages"}],"about":[{"href":"https:\/\/www.doc2site.fr\/demo_dentiste_1\/wp-json\/wp\/v2\/types\/page"}],"author":[{"embeddable":true,"href":"https:\/\/www.doc2site.fr\/demo_dentiste_1\/wp-json\/wp\/v2\/users\/1"}],"replies":[{"embeddable":true,"href":"https:\/\/www.doc2site.fr\/demo_dentiste_1\/wp-json\/wp\/v2\/comments?post=15"}],"version-history":[{"count":78,"href":"https:\/\/www.doc2site.fr\/demo_dentiste_1\/wp-json\/wp\/v2\/pages\/15\/revisions"}],"predecessor-version":[{"id":722,"href":"https:\/\/www.doc2site.fr\/demo_dentiste_1\/wp-json\/wp\/v2\/pages\/15\/revisions\/722"}],"wp:attachment":[{"href":"https:\/\/www.doc2site.fr\/demo_dentiste_1\/wp-json\/wp\/v2\/media?parent=15"}],"curies":[{"name":"wp","href":"https:\/\/api.w.org\/{rel}","templated":true}]}}